{"id":3400,"date":"2024-09-09T19:40:57","date_gmt":"2024-09-09T17:40:57","guid":{"rendered":"https:\/\/boissovage.com\/?page_id=3400"},"modified":"2025-03-16T15:00:52","modified_gmt":"2025-03-16T14:00:52","slug":"mobilier","status":"publish","type":"page","link":"https:\/\/boissovage.com\/index.php\/productions\/mobilier\/","title":{"rendered":"Mobilier"},"content":{"rendered":"\t\t<div data-elementor-type=\"wp-page\" data-elementor-id=\"3400\" class=\"elementor elementor-3400\">\n\t\t\t\t<div class=\"elementor-element elementor-element-8e8ca4a e-flex e-con-boxed e-con e-parent\" data-id=\"8e8ca4a\" data-element_type=\"container\" data-core-v316-plus=\"true\">\n\t\t\t\t\t<div class=\"e-con-inner\">\n\t\t<div class=\"elementor-element elementor-element-dd6f51a e-con-full e-flex e-con e-child\" data-id=\"dd6f51a\" data-element_type=\"container\" data-settings=\"{&quot;background_background&quot;:&quot;classic&quot;}\">\n\t\t\t\t<div class=\"elementor-element elementor-element-e63eaf7 elementor-widget-divider--view-line_text elementor-widget-divider--element-align-center elementor-widget elementor-widget-divider\" data-id=\"e63eaf7\" data-element_type=\"widget\" data-widget_type=\"divider.default\">\n\t\t\t\t<div class=\"elementor-widget-container\">\n\t\t\t<style>\/*! elementor - v3.20.0 - 20-03-2024 *\/\n.elementor-widget-divider{--divider-border-style:none;--divider-border-width:1px;--divider-color:#0c0d0e;--divider-icon-size:20px;--divider-element-spacing:10px;--divider-pattern-height:24px;--divider-pattern-size:20px;--divider-pattern-url:none;--divider-pattern-repeat:repeat-x}.elementor-widget-divider .elementor-divider{display:flex}.elementor-widget-divider .elementor-divider__text{font-size:15px;line-height:1;max-width:95%}.elementor-widget-divider .elementor-divider__element{margin:0 var(--divider-element-spacing);flex-shrink:0}.elementor-widget-divider .elementor-icon{font-size:var(--divider-icon-size)}.elementor-widget-divider .elementor-divider-separator{display:flex;margin:0;direction:ltr}.elementor-widget-divider--view-line_icon .elementor-divider-separator,.elementor-widget-divider--view-line_text .elementor-divider-separator{align-items:center}.elementor-widget-divider--view-line_icon .elementor-divider-separator:after,.elementor-widget-divider--view-line_icon .elementor-divider-separator:before,.elementor-widget-divider--view-line_text .elementor-divider-separator:after,.elementor-widget-divider--view-line_text .elementor-divider-separator:before{display:block;content:\"\";border-block-end:0;flex-grow:1;border-block-start:var(--divider-border-width) var(--divider-border-style) var(--divider-color)}.elementor-widget-divider--element-align-left .elementor-divider .elementor-divider-separator>.elementor-divider__svg:first-of-type{flex-grow:0;flex-shrink:100}.elementor-widget-divider--element-align-left .elementor-divider-separator:before{content:none}.elementor-widget-divider--element-align-left .elementor-divider__element{margin-left:0}.elementor-widget-divider--element-align-right .elementor-divider .elementor-divider-separator>.elementor-divider__svg:last-of-type{flex-grow:0;flex-shrink:100}.elementor-widget-divider--element-align-right .elementor-divider-separator:after{content:none}.elementor-widget-divider--element-align-right .elementor-divider__element{margin-right:0}.elementor-widget-divider--element-align-start .elementor-divider .elementor-divider-separator>.elementor-divider__svg:first-of-type{flex-grow:0;flex-shrink:100}.elementor-widget-divider--element-align-start .elementor-divider-separator:before{content:none}.elementor-widget-divider--element-align-start .elementor-divider__element{margin-inline-start:0}.elementor-widget-divider--element-align-end .elementor-divider .elementor-divider-separator>.elementor-divider__svg:last-of-type{flex-grow:0;flex-shrink:100}.elementor-widget-divider--element-align-end .elementor-divider-separator:after{content:none}.elementor-widget-divider--element-align-end .elementor-divider__element{margin-inline-end:0}.elementor-widget-divider:not(.elementor-widget-divider--view-line_text):not(.elementor-widget-divider--view-line_icon) .elementor-divider-separator{border-block-start:var(--divider-border-width) var(--divider-border-style) var(--divider-color)}.elementor-widget-divider--separator-type-pattern{--divider-border-style:none}.elementor-widget-divider--separator-type-pattern.elementor-widget-divider--view-line .elementor-divider-separator,.elementor-widget-divider--separator-type-pattern:not(.elementor-widget-divider--view-line) .elementor-divider-separator:after,.elementor-widget-divider--separator-type-pattern:not(.elementor-widget-divider--view-line) .elementor-divider-separator:before,.elementor-widget-divider--separator-type-pattern:not([class*=elementor-widget-divider--view]) .elementor-divider-separator{width:100%;min-height:var(--divider-pattern-height);-webkit-mask-size:var(--divider-pattern-size) 100%;mask-size:var(--divider-pattern-size) 100%;-webkit-mask-repeat:var(--divider-pattern-repeat);mask-repeat:var(--divider-pattern-repeat);background-color:var(--divider-color);-webkit-mask-image:var(--divider-pattern-url);mask-image:var(--divider-pattern-url)}.elementor-widget-divider--no-spacing{--divider-pattern-size:auto}.elementor-widget-divider--bg-round{--divider-pattern-repeat:round}.rtl .elementor-widget-divider .elementor-divider__text{direction:rtl}.e-con-inner>.elementor-widget-divider,.e-con>.elementor-widget-divider{width:var(--container-widget-width,100%);--flex-grow:var(--container-widget-flex-grow)}<\/style>\t\t<div class=\"elementor-divider\">\n\t\t\t<span class=\"elementor-divider-separator\">\n\t\t\t\t\t\t\t<h2 class=\"elementor-divider__text elementor-divider__element\">\n\t\t\t\tMobilier\t\t\t\t<\/h2>\n\t\t\t\t\t\t<\/span>\n\t\t<\/div>\n\t\t\t\t<\/div>\n\t\t\t\t<\/div>\n\t\t\t\t<\/div>\n\t\t\t\t\t<\/div>\n\t\t\t\t<\/div>\n\t\t<div class=\"elementor-element elementor-element-5f60a39 e-flex e-con-boxed e-con e-parent\" data-id=\"5f60a39\" data-element_type=\"container\" data-core-v316-plus=\"true\">\n\t\t\t\t\t<div class=\"e-con-inner\">\n\t\t<div class=\"elementor-element elementor-element-1739a13 e-con-full e-flex e-con e-child\" data-id=\"1739a13\" data-element_type=\"container\">\n\t\t\t\t<div class=\"elementor-element elementor-element-7092087 elementor-widget__width-inherit elementor-widget elementor-widget-text-editor\" data-id=\"7092087\" data-element_type=\"widget\" data-widget_type=\"text-editor.default\">\n\t\t\t\t<div class=\"elementor-widget-container\">\n\t\t\t<style>\/*! elementor - v3.20.0 - 20-03-2024 *\/\n.elementor-widget-text-editor.elementor-drop-cap-view-stacked .elementor-drop-cap{background-color:#69727d;color:#fff}.elementor-widget-text-editor.elementor-drop-cap-view-framed .elementor-drop-cap{color:#69727d;border:3px solid;background-color:transparent}.elementor-widget-text-editor:not(.elementor-drop-cap-view-default) .elementor-drop-cap{margin-top:8px}.elementor-widget-text-editor:not(.elementor-drop-cap-view-default) .elementor-drop-cap-letter{width:1em;height:1em}.elementor-widget-text-editor .elementor-drop-cap{float:left;text-align:center;line-height:1;font-size:50px}.elementor-widget-text-editor .elementor-drop-cap-letter{display:inline-block}<\/style>\t\t\t\t<h5>Je r\u00e9alise ponctuellement de petits projets de mobilier, dans la limite de ce qu&rsquo;un seul homme peux porter !<\/h5><p>\u00a0<\/p>\t\t\t\t\t\t<\/div>\n\t\t\t\t<\/div>\n\t\t\t\t<\/div>\n\t\t\t\t\t<\/div>\n\t\t\t\t<\/div>\n\t\t<div class=\"elementor-element elementor-element-2d153cb e-flex e-con-boxed e-con e-parent\" data-id=\"2d153cb\" data-element_type=\"container\" data-core-v316-plus=\"true\">\n\t\t\t\t\t<div class=\"e-con-inner\">\n\t\t<div class=\"elementor-element elementor-element-0c19e54 e-con-full e-flex e-con e-child\" data-id=\"0c19e54\" data-element_type=\"container\">\n\t\t\t\t<div class=\"elementor-element elementor-element-e1dfd78 elementor-widget elementor-widget-image\" data-id=\"e1dfd78\" data-element_type=\"widget\" data-widget_type=\"image.default\">\n\t\t\t\t<div class=\"elementor-widget-container\">\n\t\t\t<style>\/*! elementor - v3.20.0 - 20-03-2024 *\/\n.elementor-widget-image{text-align:center}.elementor-widget-image a{display:inline-block}.elementor-widget-image a img[src$=\".svg\"]{width:48px}.elementor-widget-image img{vertical-align:middle;display:inline-block}<\/style>\t\t\t\t\t\t\t\t\t\t<img fetchpriority=\"high\" decoding=\"async\" width=\"613\" height=\"407\" src=\"https:\/\/boissovage.com\/wp-content\/uploads\/2024\/09\/banc-charpente.png\" class=\"attachment-large size-large wp-image-3403\" alt=\"banc charpente ch\u00eane\" srcset=\"https:\/\/boissovage.com\/wp-content\/uploads\/2024\/09\/banc-charpente.png 613w, https:\/\/boissovage.com\/wp-content\/uploads\/2024\/09\/banc-charpente-300x199.png 300w, https:\/\/boissovage.com\/wp-content\/uploads\/2024\/09\/banc-charpente-150x100.png 150w, https:\/\/boissovage.com\/wp-content\/uploads\/2024\/09\/banc-charpente-600x398.png 600w\" sizes=\"(max-width: 613px) 100vw, 613px\" \/>\t\t\t\t\t\t\t\t\t\t\t\t\t<\/div>\n\t\t\t\t<\/div>\n\t\t\t\t<\/div>\n\t\t<div class=\"elementor-element elementor-element-d574d5e e-con-full e-flex e-con e-child\" data-id=\"d574d5e\" data-element_type=\"container\">\n\t\t\t\t<div class=\"elementor-element elementor-element-bbdbea5 elementor-widget elementor-widget-text-editor\" data-id=\"bbdbea5\" data-element_type=\"widget\" data-widget_type=\"text-editor.default\">\n\t\t\t\t<div class=\"elementor-widget-container\">\n\t\t\t\t\t\t\t<h5>J&rsquo;aime r\u00e9aliser des bancs avec des anciens \u00e9l\u00e9ments de charpente. La robustesse du ch\u00eane, le v\u00e9cu du bois, un assemblage rustique&#8230; des pi\u00e8ces uniques qui apporteront leur touche de charme \u00e0 vos ext\u00e9rieurs ou int\u00e9rieurs.\u00a0<\/h5>\t\t\t\t\t\t<\/div>\n\t\t\t\t<\/div>\n\t\t\t\t<\/div>\n\t\t\t\t\t<\/div>\n\t\t\t\t<\/div>\n\t\t<div class=\"elementor-element elementor-element-140ff25 e-flex e-con-boxed e-con e-parent\" data-id=\"140ff25\" data-element_type=\"container\" data-core-v316-plus=\"true\">\n\t\t\t\t\t<div class=\"e-con-inner\">\n\t\t<div class=\"elementor-element elementor-element-83752a2 e-con-full e-flex e-con e-child\" data-id=\"83752a2\" data-element_type=\"container\">\n\t\t\t\t<div class=\"elementor-element elementor-element-42b823e elementor-widget elementor-widget-text-editor\" data-id=\"42b823e\" data-element_type=\"widget\" data-widget_type=\"text-editor.default\">\n\t\t\t\t<div class=\"elementor-widget-container\">\n\t\t\t\t\t\t\t<h5>Une table basse sobre et \u00e9l\u00e9gante, r\u00e9alis\u00e9e \u00e0 partir de douelles de tonneaux upcycl\u00e9es. Le terroir local s&rsquo;allie \u00e0 la modernit\u00e9 !<\/h5><h5>Cette table est fabriqu\u00e9e \u00e0 la demande. Elle peut-\u00eatre dimensionn\u00e9e pour des plateaux (verre tremp\u00e9 de 8 mm)\u00a0 de 60 \u00e0 90 cm.\u00a0<\/h5><h5>Les variations d&rsquo;aspects sont nombreuses selon le f\u00fbt employ\u00e9, son bois et sa patine.<\/h5>\t\t\t\t\t\t<\/div>\n\t\t\t\t<\/div>\n\t\t\t\t<\/div>\n\t\t<div class=\"elementor-element elementor-element-8866bf1 e-con-full e-flex e-con e-child\" data-id=\"8866bf1\" data-element_type=\"container\">\n\t\t\t\t<div class=\"elementor-element elementor-element-f4f22f2 elementor-align-center elementor-widget__width-initial elementor-invisible elementor-widget elementor-widget-button\" data-id=\"f4f22f2\" data-element_type=\"widget\" data-settings=\"{&quot;_animation&quot;:&quot;fadeIn&quot;,&quot;_animation_delay&quot;:400}\" data-widget_type=\"button.default\">\n\t\t\t\t<div class=\"elementor-widget-container\">\n\t\t\t\t\t<div class=\"elementor-button-wrapper\">\n\t\t\t<a class=\"elementor-button elementor-button-link elementor-size-sm\" href=\"https:\/\/boissovage.com\/index.php\/contact-us\/\">\n\t\t\t\t\t\t<span class=\"elementor-button-content-wrapper\">\n\t\t\t\t\t\t<span class=\"elementor-button-text\">contactez-moi !<\/span>\n\t\t<\/span>\n\t\t\t\t\t<\/a>\n\t\t<\/div>\n\t\t\t\t<\/div>\n\t\t\t\t<\/div>\n\t\t\t\t<div class=\"elementor-element elementor-element-7198071 elementor-widget elementor-widget-image\" data-id=\"7198071\" data-element_type=\"widget\" data-widget_type=\"image.default\">\n\t\t\t\t<div class=\"elementor-widget-container\">\n\t\t\t\t\t\t\t\t\t\t\t\t\t<img decoding=\"async\" width=\"568\" height=\"439\" src=\"https:\/\/boissovage.com\/wp-content\/uploads\/2024\/09\/table-douelle-transparente.png\" class=\"attachment-large size-large wp-image-3404\" alt=\"\" srcset=\"https:\/\/boissovage.com\/wp-content\/uploads\/2024\/09\/table-douelle-transparente.png 568w, https:\/\/boissovage.com\/wp-content\/uploads\/2024\/09\/table-douelle-transparente-300x232.png 300w, https:\/\/boissovage.com\/wp-content\/uploads\/2024\/09\/table-douelle-transparente-150x116.png 150w\" sizes=\"(max-width: 568px) 100vw, 568px\" \/>\t\t\t\t\t\t\t\t\t\t\t\t\t<\/div>\n\t\t\t\t<\/div>\n\t\t\t\t<\/div>\n\t\t\t\t\t<\/div>\n\t\t\t\t<\/div>\n\t\t<div class=\"elementor-element elementor-element-fbeaefd e-flex e-con-boxed e-con e-parent\" data-id=\"fbeaefd\" data-element_type=\"container\" data-core-v316-plus=\"true\">\n\t\t\t\t\t<div class=\"e-con-inner\">\n\t\t<div class=\"elementor-element elementor-element-1bd1974 e-flex e-con-boxed e-con e-child\" data-id=\"1bd1974\" data-element_type=\"container\">\n\t\t\t\t\t<div class=\"e-con-inner\">\n\t\t\t\t<div class=\"elementor-element elementor-element-5c52920 elementor-widget-divider--view-line_text elementor-widget-divider--element-align-center elementor-widget elementor-widget-divider\" data-id=\"5c52920\" data-element_type=\"widget\" data-widget_type=\"divider.default\">\n\t\t\t\t<div class=\"elementor-widget-container\">\n\t\t\t\t\t<div class=\"elementor-divider\">\n\t\t\t<span class=\"elementor-divider-separator\">\n\t\t\t\t\t\t\t<span class=\"elementor-divider__text elementor-divider__element\">\n\t\t\t\tNouveaux mobiliers\t\t\t\t<\/span>\n\t\t\t\t\t\t<\/span>\n\t\t<\/div>\n\t\t\t\t<\/div>\n\t\t\t\t<\/div>\n\t\t\t\t\t<\/div>\n\t\t\t\t<\/div>\n\t\t\t\t\t<\/div>\n\t\t\t\t<\/div>\n\t\t<div class=\"elementor-element elementor-element-55eeefe e-flex e-con-boxed e-con e-parent\" data-id=\"55eeefe\" data-element_type=\"container\" data-core-v316-plus=\"true\">\n\t\t\t\t\t<div class=\"e-con-inner\">\n\t\t\t\t<div class=\"elementor-element elementor-element-09f6e74 elementor-grid-eael-col-4 elementor-grid-tablet-eael-col-2 elementor-grid-mobile-eael-col-1 elementor-widget elementor-widget-eael-post-grid\" data-id=\"09f6e74\" data-element_type=\"widget\" data-settings=\"{&quot;eael_post_grid_columns&quot;:&quot;eael-col-4&quot;,&quot;eael_post_grid_columns_tablet&quot;:&quot;eael-col-2&quot;,&quot;eael_post_grid_columns_mobile&quot;:&quot;eael-col-1&quot;}\" data-widget_type=\"eael-post-grid.default\">\n\t\t\t\t<div class=\"elementor-widget-container\">\n\t\t\t<div id=\"eael-post-grid-09f6e74\" class=\"eael-post-grid-container\">\n            <div class=\"eael-post-grid eael-post-appender eael-post-appender-09f6e74 eael-post-grid-style-default\" data-layout-mode=\"masonry\"><article class=\"eael-grid-post eael-post-grid-column\" data-id=\"3876\">\n        <div class=\"eael-grid-post-holder\">\n            <div class=\"eael-grid-post-holder-inner\"><div class=\"eael-entry-media\"><div class=\"eael-entry-overlay fade-in\"><i class=\"fas fa-long-arrow-alt-right\" aria-hidden=\"true\"><\/i><a href=\"https:\/\/boissovage.com\/index.php\/2026\/04\/08\/banc-rustique-2\/\"><\/a><\/div><div class=\"eael-entry-thumbnail eael-image-ratio\">\n                <img decoding=\"async\" width=\"300\" height=\"225\" src=\"https:\/\/boissovage.com\/wp-content\/uploads\/2026\/04\/banc-Copie-300x225.jpg\" class=\"attachment-medium size-medium wp-image-3878\" alt=\"banc charpente ch\u00eane\" srcset=\"https:\/\/boissovage.com\/wp-content\/uploads\/2026\/04\/banc-Copie-300x225.jpg 300w, https:\/\/boissovage.com\/wp-content\/uploads\/2026\/04\/banc-Copie-1024x767.jpg 1024w, https:\/\/boissovage.com\/wp-content\/uploads\/2026\/04\/banc-Copie-150x112.jpg 150w, https:\/\/boissovage.com\/wp-content\/uploads\/2026\/04\/banc-Copie-768x575.jpg 768w, https:\/\/boissovage.com\/wp-content\/uploads\/2026\/04\/banc-Copie-1536x1150.jpg 1536w, https:\/\/boissovage.com\/wp-content\/uploads\/2026\/04\/banc-Copie-600x449.jpg 600w, https:\/\/boissovage.com\/wp-content\/uploads\/2026\/04\/banc-Copie-866x649.jpg 866w, https:\/\/boissovage.com\/wp-content\/uploads\/2026\/04\/banc-Copie.jpg 2040w\" sizes=\"(max-width: 300px) 100vw, 300px\" \/>\n            <\/div>\n        <\/div><div class=\"eael-entry-wrapper\"><header class=\"eael-entry-header\"><h3 class=\"eael-entry-title\"><a\n                        class=\"eael-grid-post-link\"\n                        href=\"https:\/\/boissovage.com\/index.php\/2026\/04\/08\/banc-rustique-2\/\"\n                        title=\"Banc rustique\">Banc rustique<\/a><\/h3><\/header><div class=\"eael-entry-content\">\n                        <div class=\"eael-grid-post-excerpt\"><a\n                            href=\"https:\/\/boissovage.com\/index.php\/2026\/04\/08\/banc-rustique-2\/\"\n                            class=\"eael-post-elements-readmore-btn\">Voir<\/a><\/div>\n                    <\/div><\/div><\/div>\n        <\/div>\n    <\/article><article class=\"eael-grid-post eael-post-grid-column\" data-id=\"3568\">\n        <div class=\"eael-grid-post-holder\">\n            <div class=\"eael-grid-post-holder-inner\"><div class=\"eael-entry-media\"><div class=\"eael-entry-overlay fade-in\"><i class=\"fas fa-long-arrow-alt-right\" aria-hidden=\"true\"><\/i><a href=\"https:\/\/boissovage.com\/index.php\/2025\/03\/16\/bout-de-canape\/\"><\/a><\/div><div class=\"eael-entry-thumbnail eael-image-ratio\">\n                <img loading=\"lazy\" decoding=\"async\" width=\"300\" height=\"266\" src=\"https:\/\/boissovage.com\/wp-content\/uploads\/2025\/03\/DSC_0062-300x266.jpg\" class=\"attachment-medium size-medium wp-image-3569\" alt=\"\" srcset=\"https:\/\/boissovage.com\/wp-content\/uploads\/2025\/03\/DSC_0062-300x266.jpg 300w, https:\/\/boissovage.com\/wp-content\/uploads\/2025\/03\/DSC_0062-1024x908.jpg 1024w, https:\/\/boissovage.com\/wp-content\/uploads\/2025\/03\/DSC_0062-150x133.jpg 150w, https:\/\/boissovage.com\/wp-content\/uploads\/2025\/03\/DSC_0062-768x681.jpg 768w, https:\/\/boissovage.com\/wp-content\/uploads\/2025\/03\/DSC_0062-1536x1361.jpg 1536w, https:\/\/boissovage.com\/wp-content\/uploads\/2025\/03\/DSC_0062-600x532.jpg 600w, https:\/\/boissovage.com\/wp-content\/uploads\/2025\/03\/DSC_0062-732x649.jpg 732w, https:\/\/boissovage.com\/wp-content\/uploads\/2025\/03\/DSC_0062.jpg 1901w\" sizes=\"(max-width: 300px) 100vw, 300px\" \/>\n            <\/div>\n        <\/div><div class=\"eael-entry-wrapper\"><header class=\"eael-entry-header\"><h3 class=\"eael-entry-title\"><a\n                        class=\"eael-grid-post-link\"\n                        href=\"https:\/\/boissovage.com\/index.php\/2025\/03\/16\/bout-de-canape\/\"\n                        title=\"Bout de canap\u00e9\">Bout de canap\u00e9<\/a><\/h3><\/header><div class=\"eael-entry-content\">\n                        <div class=\"eael-grid-post-excerpt\"><a\n                            href=\"https:\/\/boissovage.com\/index.php\/2025\/03\/16\/bout-de-canape\/\"\n                            class=\"eael-post-elements-readmore-btn\">Voir<\/a><\/div>\n                    <\/div><\/div><\/div>\n        <\/div>\n    <\/article><article class=\"eael-grid-post eael-post-grid-column\" data-id=\"3557\">\n        <div class=\"eael-grid-post-holder\">\n            <div class=\"eael-grid-post-holder-inner\"><div class=\"eael-entry-media\"><div class=\"eael-entry-overlay fade-in\"><i class=\"fas fa-long-arrow-alt-right\" aria-hidden=\"true\"><\/i><a href=\"https:\/\/boissovage.com\/index.php\/2025\/03\/16\/table-bout-de-canape\/\"><\/a><\/div><div class=\"eael-entry-thumbnail eael-image-ratio\">\n                <img loading=\"lazy\" decoding=\"async\" width=\"300\" height=\"249\" src=\"https:\/\/boissovage.com\/wp-content\/uploads\/2025\/03\/DSC_0053-300x249.jpg\" class=\"attachment-medium size-medium wp-image-3558\" alt=\"\" srcset=\"https:\/\/boissovage.com\/wp-content\/uploads\/2025\/03\/DSC_0053-300x249.jpg 300w, https:\/\/boissovage.com\/wp-content\/uploads\/2025\/03\/DSC_0053-1024x851.jpg 1024w, https:\/\/boissovage.com\/wp-content\/uploads\/2025\/03\/DSC_0053-150x125.jpg 150w, https:\/\/boissovage.com\/wp-content\/uploads\/2025\/03\/DSC_0053-768x639.jpg 768w, https:\/\/boissovage.com\/wp-content\/uploads\/2025\/03\/DSC_0053-1536x1277.jpg 1536w, https:\/\/boissovage.com\/wp-content\/uploads\/2025\/03\/DSC_0053-600x499.jpg 600w, https:\/\/boissovage.com\/wp-content\/uploads\/2025\/03\/DSC_0053-781x649.jpg 781w, https:\/\/boissovage.com\/wp-content\/uploads\/2025\/03\/DSC_0053.jpg 1709w\" sizes=\"(max-width: 300px) 100vw, 300px\" \/>\n            <\/div>\n        <\/div><div class=\"eael-entry-wrapper\"><header class=\"eael-entry-header\"><h3 class=\"eael-entry-title\"><a\n                        class=\"eael-grid-post-link\"\n                        href=\"https:\/\/boissovage.com\/index.php\/2025\/03\/16\/table-bout-de-canape\/\"\n                        title=\"Bout de canap\u00e9\">Bout de canap\u00e9<\/a><\/h3><\/header><div class=\"eael-entry-content\">\n                        <div class=\"eael-grid-post-excerpt\"><a\n                            href=\"https:\/\/boissovage.com\/index.php\/2025\/03\/16\/table-bout-de-canape\/\"\n                            class=\"eael-post-elements-readmore-btn\">Voir<\/a><\/div>\n                    <\/div><\/div><\/div>\n        <\/div>\n    <\/article><article class=\"eael-grid-post eael-post-grid-column\" data-id=\"3422\">\n        <div class=\"eael-grid-post-holder\">\n            <div class=\"eael-grid-post-holder-inner\"><div class=\"eael-entry-media\"><div class=\"eael-entry-overlay fade-in\"><i class=\"fas fa-long-arrow-alt-right\" aria-hidden=\"true\"><\/i><a href=\"https:\/\/boissovage.com\/index.php\/2024\/09\/09\/banc-rustique\/\"><\/a><\/div><div class=\"eael-entry-thumbnail eael-image-ratio\">\n                <img loading=\"lazy\" decoding=\"async\" width=\"300\" height=\"199\" src=\"https:\/\/boissovage.com\/wp-content\/uploads\/2024\/09\/DSC_0024-300x199.jpg\" class=\"attachment-medium size-medium wp-image-3423\" alt=\"banc charpente\" srcset=\"https:\/\/boissovage.com\/wp-content\/uploads\/2024\/09\/DSC_0024-300x199.jpg 300w, https:\/\/boissovage.com\/wp-content\/uploads\/2024\/09\/DSC_0024-1024x681.jpg 1024w, https:\/\/boissovage.com\/wp-content\/uploads\/2024\/09\/DSC_0024-150x100.jpg 150w, https:\/\/boissovage.com\/wp-content\/uploads\/2024\/09\/DSC_0024-768x511.jpg 768w, https:\/\/boissovage.com\/wp-content\/uploads\/2024\/09\/DSC_0024-1536x1021.jpg 1536w, https:\/\/boissovage.com\/wp-content\/uploads\/2024\/09\/DSC_0024-2048x1362.jpg 2048w, https:\/\/boissovage.com\/wp-content\/uploads\/2024\/09\/DSC_0024-600x399.jpg 600w, https:\/\/boissovage.com\/wp-content\/uploads\/2024\/09\/DSC_0024-976x649.jpg 976w\" sizes=\"(max-width: 300px) 100vw, 300px\" \/>\n            <\/div>\n        <\/div><div class=\"eael-entry-wrapper\"><header class=\"eael-entry-header\"><h3 class=\"eael-entry-title\"><a\n                        class=\"eael-grid-post-link\"\n                        href=\"https:\/\/boissovage.com\/index.php\/2024\/09\/09\/banc-rustique\/\"\n                        title=\"Banc rustique\">Banc rustique<\/a><\/h3><\/header><div class=\"eael-entry-content\">\n                        <div class=\"eael-grid-post-excerpt\"><a\n                            href=\"https:\/\/boissovage.com\/index.php\/2024\/09\/09\/banc-rustique\/\"\n                            class=\"eael-post-elements-readmore-btn\">Voir<\/a><\/div>\n                    <\/div><\/div><\/div>\n        <\/div>\n    <\/article><\/div>\n            <div class=\"clearfix\"><\/div>\n        <\/div>            <div class=\"eael-load-more-button-wrap eael-force-hide\">\n                <button class=\"eael-load-more-button\" id=\"eael-load-more-btn-09f6e74\" data-widget-id=\"09f6e74\" data-widget=\"09f6e74\" data-page-id=\"3400\" data-template=\"{&quot;dir&quot;:&quot;lite&quot;,&quot;file_name&quot;:&quot;default.php&quot;,&quot;name&quot;:&quot;Post-Grid&quot;}\" data-class=\"Essential_Addons_Elementor\\Elements\\Post_Grid\" data-layout=\"masonry\" data-page=\"1\" data-args=\"orderby=date&amp;order=desc&amp;ignore_sticky_posts=1&amp;post_status=publish&amp;posts_per_page=4&amp;offset=0&amp;post_type=post&amp;tax_query%5B0%5D%5Btaxonomy%5D=category&amp;tax_query%5B0%5D%5Bfield%5D=term_id&amp;tax_query%5B0%5D%5Bterms%5D%5B0%5D=37&amp;tax_query%5Brelation%5D=AND\" data-max-page=\"2\">\n                    <span class=\"eael-btn-loader button__loader\"><\/span>\n                    <span class=\"eael_load_more_text\">Load More<\/span>\n                <\/button>\n            <\/div>\n            \t\t<\/div>\n\t\t\t\t<\/div>\n\t\t\t\t\t<\/div>\n\t\t\t\t<\/div>\n\t\t<div class=\"elementor-element elementor-element-c49f410 e-flex e-con-boxed e-con e-parent\" data-id=\"c49f410\" data-element_type=\"container\" data-core-v316-plus=\"true\">\n\t\t\t\t\t<div class=\"e-con-inner\">\n\t\t\t\t\t<\/div>\n\t\t\t\t<\/div>\n\t\t\t\t<\/div>\n\t\t","protected":false},"excerpt":{"rendered":"<p>Mobilier Je r\u00e9alise ponctuellement de petits projets de mobilier, dans la limite de ce qu&rsquo;un seul homme peux porter ! \u00a0 J&rsquo;aime r\u00e9aliser des bancs avec des anciens \u00e9l\u00e9ments de charpente. La robustesse du ch\u00eane, le v\u00e9cu du bois, un assemblage rustique&#8230; des pi\u00e8ces uniques qui apporteront leur touche de charme \u00e0 vos ext\u00e9rieurs ou [&hellip;]<\/p>\n","protected":false},"author":1,"featured_media":3158,"parent":108,"menu_order":1,"comment_status":"closed","ping_status":"closed","template":"","meta":{"_eb_attr":"","om_disable_all_campaigns":false,"_monsterinsights_skip_tracking":false,"_monsterinsights_sitenote_active":false,"_monsterinsights_sitenote_note":"","_monsterinsights_sitenote_category":0,"_uf_show_specific_survey":0,"_uf_disable_surveys":false,"footnotes":""},"aioseo_notices":[],"_links":{"self":[{"href":"https:\/\/boissovage.com\/index.php\/wp-json\/wp\/v2\/pages\/3400"}],"collection":[{"href":"https:\/\/boissovage.com\/index.php\/wp-json\/wp\/v2\/pages"}],"about":[{"href":"https:\/\/boissovage.com\/index.php\/wp-json\/wp\/v2\/types\/page"}],"author":[{"embeddable":true,"href":"https:\/\/boissovage.com\/index.php\/wp-json\/wp\/v2\/users\/1"}],"replies":[{"embeddable":true,"href":"https:\/\/boissovage.com\/index.php\/wp-json\/wp\/v2\/comments?post=3400"}],"version-history":[{"count":26,"href":"https:\/\/boissovage.com\/index.php\/wp-json\/wp\/v2\/pages\/3400\/revisions"}],"predecessor-version":[{"id":3601,"href":"https:\/\/boissovage.com\/index.php\/wp-json\/wp\/v2\/pages\/3400\/revisions\/3601"}],"up":[{"embeddable":true,"href":"https:\/\/boissovage.com\/index.php\/wp-json\/wp\/v2\/pages\/108"}],"wp:featuredmedia":[{"embeddable":true,"href":"https:\/\/boissovage.com\/index.php\/wp-json\/wp\/v2\/media\/3158"}],"wp:attachment":[{"href":"https:\/\/boissovage.com\/index.php\/wp-json\/wp\/v2\/media?parent=3400"}],"curies":[{"name":"wp","href":"https:\/\/api.w.org\/{rel}","templated":true}]}}