{"id":1224,"date":"2024-02-01T10:13:33","date_gmt":"2024-02-01T09:13:33","guid":{"rendered":"https:\/\/boissovage.com\/?page_id=1224"},"modified":"2024-02-01T10:24:15","modified_gmt":"2024-02-01T09:24:15","slug":"mentions-legales-copy","status":"publish","type":"page","link":"https:\/\/boissovage.com\/index.php\/mentions-legales-copy\/","title":{"rendered":"CGV"},"content":{"rendered":"\t\t<div data-elementor-type=\"wp-page\" data-elementor-id=\"1224\" class=\"elementor elementor-1224\">\n\t\t\t\t<div class=\"elementor-element elementor-element-4dc85ae e-flex e-con-boxed e-con e-parent\" data-id=\"4dc85ae\" data-element_type=\"container\" data-core-v316-plus=\"true\">\n\t\t\t\t\t<div class=\"e-con-inner\">\n\t\t\t\t<div class=\"elementor-element elementor-element-b0e4d01 elementor-widget elementor-widget-text-editor\" data-id=\"b0e4d01\" data-element_type=\"widget\" data-widget_type=\"text-editor.default\">\n\t\t\t\t<div class=\"elementor-widget-container\">\n\t\t\t<style>\/*! elementor - v3.20.0 - 20-03-2024 *\/\n.elementor-widget-text-editor.elementor-drop-cap-view-stacked .elementor-drop-cap{background-color:#69727d;color:#fff}.elementor-widget-text-editor.elementor-drop-cap-view-framed .elementor-drop-cap{color:#69727d;border:3px solid;background-color:transparent}.elementor-widget-text-editor:not(.elementor-drop-cap-view-default) .elementor-drop-cap{margin-top:8px}.elementor-widget-text-editor:not(.elementor-drop-cap-view-default) .elementor-drop-cap-letter{width:1em;height:1em}.elementor-widget-text-editor .elementor-drop-cap{float:left;text-align:center;line-height:1;font-size:50px}.elementor-widget-text-editor .elementor-drop-cap-letter{display:inline-block}<\/style>\t\t\t\t<p><b>CGV &#8211; Conditions g\u00e9n\u00e9rales de ventes<\/b><\/p><p>\u00a0<\/p><p>Pr\u00e9ambule<\/p><p align=\"justify\"><a name=\"yui_3_18_1_1_1605887131798_716\"><\/a>Le Site Internet www.boissovage.com est g\u00e9r\u00e9 par Xavier LEMAN, cr\u00e9ateur de l\u2019Entreprise Individuelle Bois S\u00f4vage, dont le si\u00e8ge social est situ\u00e9 impasse de l&rsquo;\u00eele d&rsquo;amour, 14 bis quai des violettes 37400 Amboise, immatricul\u00e9e au R\u00e9pertoire des M\u00e9tiers Centre Val de Loire sous le num\u00e9ro siret 804 527 166 00024.<\/p><p align=\"justify\"><a name=\"yui_3_18_1_1_1605887131798_722\"><\/a>Il est pr\u00e9alablement pr\u00e9cis\u00e9 que les pr\u00e9sentes conditions r\u00e9gissent les ventes de ses produits par Xavier LEMAN aupr\u00e8s de toute personne physique ou morale proc\u00e9dant \u00e0 un achat, d\u00e9nomm\u00e9e ci-apr\u00e8s \u201cle CLIENT\u201d.<\/p><p align=\"justify\"><a name=\"yui_3_18_1_1_1605887131798_724\"><\/a>Les pr\u00e9sentes Conditions G\u00e9n\u00e9rales de Vente, ainsi que la commande pass\u00e9e aupr\u00e8s de Xavier LEMAN et la confirmation de commande, constituent le contrat de vente entre Xavier LEMAN et le CLIENT, relatif \u00e0 la vente des produits command\u00e9s.<\/p><p align=\"justify\"><a name=\"yui_3_18_1_1_1605887131798_726\"><\/a><a name=\"yui_3_18_1_1_1605887131798_728\"><\/a>Toute commande r\u00e9alis\u00e9e via le Site Internet www.boiss\u00f4vage.com n\u00e9cessite que le CLIENT accepte pr\u00e9alablement et sans r\u00e9serve les Conditions G\u00e9n\u00e9rales de Vente dans leur int\u00e9gralit\u00e9. En cas de d\u00e9saccord avec les termes et conditions des Conditions G\u00e9n\u00e9rales de Vente, le CLIENT ne doit pas utiliser le Site Internet.<\/p><p align=\"justify\">Xavier LEMAN<a name=\"yui_3_18_1_1_1605887131798_730\"><\/a>\u00a0se r\u00e9serve le droit d\u2019adapter ou de modifier ses Conditions G\u00e9n\u00e9rales de Vente \u00e0 tout moment et sans pr\u00e9avis, les adaptations ou modifications \u00e9tant alors applicables \u00e0 toutes commandes post\u00e9rieures aux adaptations ou modifications.<\/p><p align=\"justify\"><a name=\"yui_3_18_1_1_1605887131798_732\"><\/a>En cas de modification, les Conditions G\u00e9n\u00e9rales de Vente applicables \u00e0 la commande du CLIENT sont celles qui \u00e9taient en ligne, et que le CLIENT a accept\u00e9es au jour de la passation de sa commande.<\/p><p align=\"justify\">Article 1. D\u00e9finitions<\/p><p align=\"justify\"><a name=\"yui_3_18_1_1_1605887131798_755\"><\/a>Les termes et expressions identifi\u00e9s par une majuscule dans les Conditions G\u00e9n\u00e9rales de Vente ont la signification indiqu\u00e9e ci-apr\u00e8s (qu\u2019ils soient employ\u00e9s au singulier ou au pluriel).<\/p><p align=\"justify\"><a name=\"yui_3_18_1_1_1605887131798_757\"><\/a>Conditions G\u00e9n\u00e9rales de Vente : d\u00e9signent le pr\u00e9sent document, soit les termes et conditions s\u2019appliquant dans les relations entre Xavier LEMAN et le CLIENT<\/p><p align=\"justify\">Commande : d\u00e9signe l\u2019ordre d\u2019achat du CLIENT portant sur un ou plusieurs Produit(s) ou Service(s) pass\u00e9 par l\u2019utilisation du formulaire de contact du Site Internet www.boiss\u00f4vage.com<\/p><p align=\"justify\">Site Internet : d\u00e9signe le Site Internet accessible \u00e0 l\u2019adresse www.boiss\u00f4vage.com<\/p><p align=\"justify\">Produit : d\u00e9signe un Produit ou Service offert \u00e0 la vente via le Site Internet www.boiss\u00f4vage.com<\/p><p align=\"justify\">CLIENT : d\u00e9signe une Personne Physique ou Morale, consommateur, qui utilise le Site Internet www.boissovage.com et acquiert un ou plusieurs Produit(s), pour ses besoins personnels, en ayant pr\u00e9alablement adh\u00e9r\u00e9 aux Conditions G\u00e9n\u00e9rales de Vente.<\/p><p align=\"justify\">Article 2. Objet<\/p><p align=\"justify\">Les pr\u00e9sentes Conditions G\u00e9n\u00e9rales de Vente visent \u00e0 d\u00e9finir les relations contractuelles entre Xavier LEMAN et le CLIENT et les conditions applicables \u00e0 tout achat effectu\u00e9 par le biais du Site Internet www.boissovage.com.<\/p><p align=\"justify\">En acceptant ces Conditions G\u00e9n\u00e9rales de Ventes, vous d\u00e9clarez que vous avez atteint l\u2019\u00e2ge de la majorit\u00e9 dans votre pays, \u00c9tat ou province de r\u00e9sidence.<\/p><p align=\"justify\">L\u2019utilisation des produits de Xavier LEMAN \u00e0 toute fin ill\u00e9gale ou non autoris\u00e9e est interdite.<\/p><p align=\"justify\">L\u2019Entreprise Individuelle Bois S\u00f4vage conserve la possibilit\u00e9 de modifier \u00e0 tout moment ces Conditions G\u00e9n\u00e9rales de Ventes, afin de respecter toute nouvelle r\u00e9glementation ou dans le but d\u2019am\u00e9liorer l\u2019utilisation de son site. De ce fait, les conditions applicables seront celles en vigueur \u00e0 la date de la commande par le CLIENT.<\/p><p align=\"justify\">Article 3. Produits<\/p><p align=\"justify\">Les Produits expos\u00e9s sur le site www.boissovage.com sont enti\u00e8rement r\u00e9alis\u00e9s par Marielle Del\u00e9mont. Notez que tous les produits ne pourront pas faire l\u2019objet d\u2019une Commande par le CLIENT. Les Produits \u00e9tant r\u00e9alis\u00e9s en pi\u00e8ces uniques, en cas de Commande par le CLIENT, un temps de fabrication doit \u00eatre pris en compte. Ce d\u00e9lai de fabrication pourra \u00eatre en moyenne de 3 \u00e0 30 jours, \u00e0 moduler en fonction de la pi\u00e8ce choisie par le CLIENT. Lors de sa Commande, le CLIENT sera inform\u00e9 du d\u00e9lai de fabrication n\u00e9cessaire. Ce d\u00e9lai s\u2019entend hors d\u00e9lai de livraison. S\u2019agissant de pi\u00e8ces uniques, en cas de Commande d\u2019un CLIENT, la reproduction \u00e0 l\u2019identique peut s\u2019av\u00e9rer d\u00e9licate. Ainsi, le CLIENT est inform\u00e9 des l\u00e9g\u00e8res diff\u00e9rences de taille, d\u2019aspect et de couleur que le Produit command\u00e9 pourrait pr\u00e9senter par rapport \u00e0 un Produit visible sur une photographie du Site Internet www.boissovage.com. Pour autant, Xavier LEMAN se doit de respecter les caract\u00e9ristiques du Produit choisi par le CLIENT, et celui-ci sera en droit de refuser le Produit s\u2019il existe des diff\u00e9rences majeures entre le Produit pr\u00e9sent\u00e9 sur le site et celui re\u00e7u. Dans ce cas, Xavier LEMAN ne pourra refuser le retour du Produit dans un but d\u2019\u00e9change ou de remboursement. Les frais d\u2019exp\u00e9dition pour le retour du Produit, plus \u00e9ventuellement ceux pour l\u2019\u00e9change du produit, restent \u00e0 la charge du CLIENT.<\/p><p align=\"justify\">Article 4. Tarifs<\/p><p align=\"justify\">Les prix des produits peuvent \u00eatre demand\u00e9s via le formulaire de contact du Site Internet www.boissovage.com. Les prix s\u2019entendent en Euros (\u20ac), hors participation aux frais d\u2019envoi, et sans TVA, puisque non assujettie \u00e0 la TVA en tant qu\u2019Entreprise Individuelle (art. 293B du CGI).<\/p><p align=\"justify\">L\u2019Entreprise Individuelle Bois S\u00f4vage se r\u00e9serve le droit de modifier ses prix \u00e0 tout moment, \u00e9tant toutefois entendu que le prix indiqu\u00e9 le jour de la commande sera le seul applicable au CLIENT.<\/p><p align=\"justify\">Les produits demeurent la propri\u00e9t\u00e9 de Xavier LEMAN jusqu\u2019au complet encaissement du prix par Bois S\u00f4vage EI.<\/p><p align=\"justify\">Pour les CLIENTS en dehors de l\u2019Union europ\u00e9enne et DOM-TOM, les commandes peuvent \u00eatre soumises aux taxes locales et aux taxes douani\u00e8res en vigueur dans le pays de r\u00e9ception. Ces droits et sommes ne rel\u00e8vent pas du ressort de www.boissovage.com. Ils sont \u00e0 la charge du CLIENT.<\/p><p align=\"justify\">Les prix des Produits indiqu\u00e9s par Xavier LEMAN ne comprennent pas les frais de traitement et d\u2019exp\u00e9dition qui sont factur\u00e9s en suppl\u00e9ment du prix des Produits achet\u00e9s et suivant le montant total de la commande.<\/p><p align=\"justify\">Article 5. Commande<\/p><p align=\"justify\">Pour commander des Produits sur le Site Internet www.boissovage.com, le CLIENT doit envoyer une requ\u00eate \u00e0 Xavier LEMAN via le formulaire de contact du site www.boissovage.com, en fournissant les informations requises au formulaire. Xavier LEMAN s\u2019engage \u00e0 confirmer la Commande du CLIENT par retour de mail. En cas de commande, le CLIENT devra s\u2019assurer de l\u2019exactitude et de l\u2019exhaustivit\u00e9 des donn\u00e9es qu\u2019il fournit. En cas d\u2019erreur dans les coordonn\u00e9es du destinataire, Xavier LEMAN ne saurait \u00eatre tenue pour responsable de l\u2019impossibilit\u00e9 de livrer le produit. Toute information personnelle fantaisiste, calomnieuse de la part du CLIENT est susceptible d\u2019entra\u00eener l\u2019annulation de sa Commande. Xavier LEMAN se r\u00e9serve le droit d\u2019annuler ou de refuser toute commande d\u2019un CLIENT avec lequel il existerait un litige relatif \u00e0 une commande ant\u00e9rieure.<\/p><p align=\"justify\">Article 6. Paiement<\/p><p align=\"justify\">Le prix des Produits et les frais de pr\u00e9paration logistique et de livraison sont payables en totalit\u00e9 par le CLIENT au moment de la passation de la Commande.<\/p><p align=\"justify\">Xavier LEMAN est susceptible de proposer au CLIENT de r\u00e9gler sa commande par diff\u00e9rents moyens de paiement au choix :<\/p><p align=\"justify\">\u2013 soit par carte bancaire :<\/p><p align=\"justify\">Un lien sera envoy\u00e9 au CLIENT par e-mail ou SMS, et celui-ci sera redirig\u00e9 sur l\u2019interface s\u00e9curis\u00e9e du Cr\u00e9dit Agricole (Up2pay par lien) afin de renseigner en toute s\u00e9curit\u00e9 ses r\u00e9f\u00e9rences de carte bancaire personnelle. Si le paiement est accept\u00e9, la commande est enregistr\u00e9e et le contrat d\u00e9finitivement form\u00e9.<\/p><p align=\"justify\">\u2013 soit par virement bancaire :<\/p><p align=\"justify\">D\u00e8s que le CLIENT re\u00e7oit la confirmation de l\u2019enregistrement de sa commande, afin de finaliser son paiement et d\u00e9clencher le traitement de sa commande, le CLIENT doit proc\u00e9der au virement correspondant au montant de sa commande vers le compte bancaire de Bois S\u00f4vage EI, dont les coordonn\u00e9es lui seront communiqu\u00e9es par Xavier LEMAN.<\/p><p align=\"justify\">D\u00e8s r\u00e9ception du virement, la commande sera trait\u00e9e et le CLIENT en sera inform\u00e9 par e-mail.<\/p><p align=\"justify\">\u2013 soit par ch\u00e8que :<\/p><p align=\"justify\">D\u00e8s que le CLIENT re\u00e7oit la confirmation de l\u2019enregistrement de sa commande, afin de finaliser son paiement et d\u00e9clencher le traitement de sa commande, le CLIENT doit imprimer le bon de commande, accompagn\u00e9 de son ch\u00e8que libell\u00e9 \u00e0 l\u2019ordre de Xavier LEMAN\u00a0 EI \u00e0 l\u2019adresse suivante : Xavier LEMAN impasse de l&rsquo;\u00eele d&rsquo;amour, 14 bis quai des violettes 37 400 AMBOISE.<\/p><p align=\"justify\">Aucun paiement en esp\u00e8ces ne doit \u00eatre envoy\u00e9. En cas de paiement par ch\u00e8que bancaire, celui-ci doit \u00eatre \u00e9mis par une banque domicili\u00e9e en France m\u00e9tropolitaine ou Monaco. D\u00e8s r\u00e9ception du ch\u00e8que, la commande sera trait\u00e9e et le CLIENT en sera inform\u00e9 par e-mail. Xavier LEMAN exp\u00e9diera les produits sous 10 jours environ, d\u00e9lais de v\u00e9rification de la provision par les \u00e9tablissements bancaires.<\/p><p align=\"justify\">Article 7. Droit de R\u00e9tractation<\/p><p align=\"justify\">Conform\u00e9ment \u00e0 l\u2019article L121-21 du Code de la consommation, le CLIENT dispose d\u2019un d\u00e9lai de quatorze jours ouvrables \u00e0 compter de la date de r\u00e9ception de leur commande pour exercer son droit de r\u00e9tractation et ainsi faire retour du Produit au vendeur pour \u00e9change ou remboursement sans p\u00e9nalit\u00e9.<\/p><p align=\"justify\">Les Produits devront \u00eatre retourn\u00e9s dans leur emballage d\u2019origine, sans avoir \u00e9t\u00e9 utilis\u00e9s, accompagn\u00e9s du Bon de livraison initial sign\u00e9. Les frais de retour sont \u00e0 la charge du CLIENT.<\/p><p align=\"justify\">Notez que les Produits r\u00e9alis\u00e9s sur commande ne b\u00e9n\u00e9ficient pas du droit de r\u00e9tractation.<\/p><p align=\"justify\">Article 8. Livraison<\/p><p align=\"justify\">Les Commandes seront exp\u00e9di\u00e9es, apr\u00e8s enregistrement du r\u00e8glement de la Commande, dans un d\u00e9lai de 3 \u00e0 5 jours ouvrables en moyenne. Elles seront exp\u00e9di\u00e9es \u00e0 l\u2019adresse de livraison indiqu\u00e9e par le CLIENT au cours de la passation de la Commande. Dans le cas de coordonn\u00e9es incompl\u00e8tes fournies par le CLIENT, si les produits ne peuvent pas \u00eatre livr\u00e9s dans les d\u00e9lais cit\u00e9s ci-dessus, Xavier LEMAN ne saurait \u00eatre tenue pour responsable.<\/p><p align=\"justify\">Les Commandes seront exp\u00e9di\u00e9es par Mondial Relay ou par autres moyens convenus entre Bois S\u00f4vage et le CLIENT. Un num\u00e9ro de suivi sera alors communiqu\u00e9 au CLIENT par e-mail. Xavier LEMAN d\u00e9cline toute responsabilit\u00e9 li\u00e9e \u00e0 un \u00e9ventuel retard, perte, vol ou d\u00e9t\u00e9rioration de la commande par les services de livraison utilis\u00e9s. Aucun remboursement ne pourra donc \u00eatre effectu\u00e9 dans ces conditions.\u00a0<\/p><p align=\"justify\">Un courrier \u00e9lectronique sera adress\u00e9 au CLIENT pour informer de l\u2019exp\u00e9dition des Produits.<\/p><p align=\"justify\">Les d\u00e9lais de livraison ne sont donn\u00e9s qu\u2019\u00e0 titre indicatif, si ceux-ci d\u00e9passent trente jours \u00e0 compter de la commande et sans qu&rsquo;il en ais \u00e9t\u00e9 mentionn\u00e9 au contrat de vente (devis), le contrat de vente pourra \u00eatre r\u00e9sili\u00e9 et le CLIENT rembours\u00e9.<\/p><p align=\"justify\">Article 9. Garantie<\/p><p align=\"justify\">Tous les produits propos\u00e9s par Bois S\u00f4vage EI sur le site www.boissovage.com b\u00e9n\u00e9ficient de la garantie l\u00e9gale pr\u00e9vue par les articles 1641 et suivants du Code civil. En cas de non conformit\u00e9 d\u2019un produit vendu, il pourra \u00eatre retourn\u00e9 \u00e0 Bois S\u00f4vage EI qui le reprendra, l\u2019\u00e9changera ou le remboursera. Toutes les r\u00e9clamations, demandes d\u2019\u00e9change ou de remboursement doivent s\u2019effectuer par voie postale \u00e0 l\u2019adresse suivante : Xavier LEMAN, impasse de l&rsquo;\u00eele d&rsquo;amour, 14 bis quai des violettes 37 400 AMBOISE, dans un d\u00e9lai de trente jours apr\u00e8s livraison.<\/p><p align=\"justify\">Article 10. Responsabilit\u00e9<\/p><p align=\"justify\">Bois S\u00f4vage EI n\u2019a, pour toutes les \u00e9tapes d\u2019acc\u00e8s au site, du processus de commande, de livraison, de service client ou des services post\u00e9rieurs, qu\u2019une obligation de moyen. La responsabilit\u00e9 de Xavier LEMAN ne saurait \u00eatre engag\u00e9e pour tous les inconv\u00e9nients ou dommages inh\u00e9rents \u00e0 l\u2019utilisation du r\u00e9seau internet, notamment perte de donn\u00e9es, intrusion, virus, rupture du service, et autres probl\u00e8mes involontaires, ou de tout fait qualifi\u00e9 de force majeure, conform\u00e9ment \u00e0 la jurisprudence.<\/p><p align=\"justify\">Les registres informatis\u00e9s conserv\u00e9s dans les syst\u00e8mes d\u2019information de Xavier LEMAN dans des conditions raisonnables de s\u00e9curit\u00e9, seront consid\u00e9r\u00e9es comme des preuves de communication, des commandes et des paiements intervenues entre Xavier LEMAN et le CLIENT.<\/p><p align=\"justify\">Article 11 \u2013 Propri\u00e9t\u00e9 intellectuelle<\/p><p align=\"justify\">Tous les textes, commentaires, ouvrages, illustrations et images reproduits sur le site www.boissovage.com sont r\u00e9serv\u00e9s au titre du droit d\u2019auteur ainsi qu\u2019au titre de la propri\u00e9t\u00e9 intellectuelle et pour le monde entier. \u00c0 ce titre et conform\u00e9ment aux dispositions du code de la propri\u00e9t\u00e9 intellectuelle, seule est autoris\u00e9e l\u2019utilisation pour un usage priv\u00e9, sous r\u00e9serve de dispositions diff\u00e9rentes, voire plus restrictives du code de la propri\u00e9t\u00e9 intellectuelle. Toute reproduction totale ou partielle du site www.boissovage.com est strictement interdite qu\u2019ils soient sous forme de photo, logo, visuel ou texte.<\/p><p align=\"justify\">Article 12. Donn\u00e9es \u00e0 caract\u00e8re personnel<\/p><p align=\"justify\">Toutes les donn\u00e9es que vous confiez sur le site www.boissovage.com le sont afin de pouvoir traiter vos commandes.<\/p><p align=\"justify\">En vertu de la loi n\u00b078-17 du 6 janvier 1978 relative \u00e0 l\u2019informatique, aux fichiers et aux libert\u00e9s, vous disposez aupr\u00e8s du vendeur d\u2019un droit de rectification, de consultation ou de modification et de suppression des donn\u00e9es que vous nous avez communiqu\u00e9es. Ce droit peut \u00e9galement \u00eatre exerc\u00e9 en ligne.<\/p><p align=\"justify\">Article 13. Force majeure<\/p><p align=\"justify\">L\u2019ex\u00e9cution par Xavier LEMAN de tout ou partie de ses obligations, notamment de livraison, sera suspendue en cas de survenance d\u2019un cas fortuit ou de force majeure qui en g\u00eanerait ou en retarderait l\u2019ex\u00e9cution. Sont consid\u00e9r\u00e9s comme tels, notamment, sans que cette liste soit limitative, la guerre, les \u00e9meutes, l\u2019insurrection, les troubles sociaux, les gr\u00e8ves de toutes natures. Xavier LEMAN informera les CLIENTS de la survenance d\u2019un cas fortuit ou de force majeure dans les sept jours de sa survenance. Au cas o\u00f9 cette suspension se poursuivrait au-del\u00e0 d\u2019un d\u00e9lai de quinze jours, le CLIENT aura la possibilit\u00e9 de r\u00e9silier la commande en cours, et il sera alors proc\u00e9d\u00e9 au remboursement du prix des Produits command\u00e9s et des frais de livraison pay\u00e9s.<\/p><p align=\"justify\">Article 14. Lois applicables et juridictions comp\u00e9tentes<\/p><p align=\"justify\">Les Conditions G\u00e9n\u00e9rales de Vente sont soumises au droit fran\u00e7ais. Seule la version fran\u00e7aise des pr\u00e9sentes Conditions G\u00e9n\u00e9rales de Vente de vente fait foi. En cas de difficult\u00e9 survenant \u00e0 l\u2019occasion de la Commande, de la livraison des Produits et plus g\u00e9n\u00e9ralement de l\u2019ex\u00e9cution de la vente, le CLIENT aura la possibilit\u00e9, avant toute action en justice, de rechercher une solution amiable, notamment avec l\u2019aide d\u2019une association de consommateurs ou de tout autre conseil de son choix.<\/p><p align=\"justify\">Article 15. Service client<\/p><p align=\"justify\">Pour toute information ou question sur une commande, vous pouvez contacter Xavier LEMAN :<\/p><p align=\"justify\">Par t\u00e9l\u00e9phone : 06 18 45 37 38<\/p><p align=\"justify\">Par e-mail : boissovage@gmail.com<\/p><p>Par courrier postal : Xavier LEMAN, impasse de l&rsquo;\u00eele d&rsquo;amour, 14 bis quai des violettes 37 400 AMBOISE.<\/p>\t\t\t\t\t\t<\/div>\n\t\t\t\t<\/div>\n\t\t\t\t\t<\/div>\n\t\t\t\t<\/div>\n\t\t\t\t<\/div>\n\t\t","protected":false},"excerpt":{"rendered":"<p>CGV &#8211; Conditions g\u00e9n\u00e9rales de ventes \u00a0 Pr\u00e9ambule Le Site Internet www.boissovage.com est g\u00e9r\u00e9 par Xavier LEMAN, cr\u00e9ateur de l\u2019Entreprise Individuelle Bois S\u00f4vage, dont le si\u00e8ge social est situ\u00e9 impasse de l&rsquo;\u00eele d&rsquo;amour, 14 bis quai des violettes 37400 Amboise, immatricul\u00e9e au R\u00e9pertoire des M\u00e9tiers Centre Val de Loire sous le num\u00e9ro siret 804 527 [&hellip;]<\/p>\n","protected":false},"author":1,"featured_media":0,"parent":0,"menu_order":0,"comment_status":"closed","ping_status":"closed","template":"","meta":{"_eb_attr":"","om_disable_all_campaigns":false,"_monsterinsights_skip_tracking":false,"_monsterinsights_sitenote_active":false,"_monsterinsights_sitenote_note":"","_monsterinsights_sitenote_category":0,"_uf_show_specific_survey":0,"_uf_disable_surveys":false,"footnotes":""},"aioseo_notices":[],"_links":{"self":[{"href":"https:\/\/boissovage.com\/index.php\/wp-json\/wp\/v2\/pages\/1224"}],"collection":[{"href":"https:\/\/boissovage.com\/index.php\/wp-json\/wp\/v2\/pages"}],"about":[{"href":"https:\/\/boissovage.com\/index.php\/wp-json\/wp\/v2\/types\/page"}],"author":[{"embeddable":true,"href":"https:\/\/boissovage.com\/index.php\/wp-json\/wp\/v2\/users\/1"}],"replies":[{"embeddable":true,"href":"https:\/\/boissovage.com\/index.php\/wp-json\/wp\/v2\/comments?post=1224"}],"version-history":[{"count":6,"href":"https:\/\/boissovage.com\/index.php\/wp-json\/wp\/v2\/pages\/1224\/revisions"}],"predecessor-version":[{"id":1230,"href":"https:\/\/boissovage.com\/index.php\/wp-json\/wp\/v2\/pages\/1224\/revisions\/1230"}],"wp:attachment":[{"href":"https:\/\/boissovage.com\/index.php\/wp-json\/wp\/v2\/media?parent=1224"}],"curies":[{"name":"wp","href":"https:\/\/api.w.org\/{rel}","templated":true}]}}