{"id":108,"date":"2023-12-12T16:38:58","date_gmt":"2023-12-12T15:38:58","guid":{"rendered":"https:\/\/boissovage.com\/?page_id=108"},"modified":"2025-03-16T14:52:21","modified_gmt":"2025-03-16T13:52:21","slug":"productions","status":"publish","type":"page","link":"https:\/\/boissovage.com\/index.php\/productions\/","title":{"rendered":"Productions"},"content":{"rendered":"\t\t<div data-elementor-type=\"wp-page\" data-elementor-id=\"108\" class=\"elementor elementor-108\">\n\t\t\t\t<div class=\"elementor-element elementor-element-616a42e e-flex e-con-boxed e-con e-parent\" data-id=\"616a42e\" data-element_type=\"container\" data-settings=\"{&quot;background_background&quot;:&quot;classic&quot;}\" data-core-v316-plus=\"true\">\n\t\t\t\t\t<div class=\"e-con-inner\">\n\t\t\t\t\t<\/div>\n\t\t\t\t<\/div>\n\t\t<div class=\"elementor-element elementor-element-81333c5 e-flex e-con-boxed e-con e-parent\" data-id=\"81333c5\" data-element_type=\"container\" data-core-v316-plus=\"true\">\n\t\t\t\t\t<div class=\"e-con-inner\">\n\t\t\t\t<div class=\"elementor-element elementor-element-7c94b4f elementor-widget-divider--view-line_text elementor-widget-divider--element-align-center elementor-widget elementor-widget-divider\" data-id=\"7c94b4f\" data-element_type=\"widget\" data-widget_type=\"divider.default\">\n\t\t\t\t<div class=\"elementor-widget-container\">\n\t\t\t<style>\/*! elementor - v3.20.0 - 20-03-2024 *\/\n.elementor-widget-divider{--divider-border-style:none;--divider-border-width:1px;--divider-color:#0c0d0e;--divider-icon-size:20px;--divider-element-spacing:10px;--divider-pattern-height:24px;--divider-pattern-size:20px;--divider-pattern-url:none;--divider-pattern-repeat:repeat-x}.elementor-widget-divider .elementor-divider{display:flex}.elementor-widget-divider .elementor-divider__text{font-size:15px;line-height:1;max-width:95%}.elementor-widget-divider .elementor-divider__element{margin:0 var(--divider-element-spacing);flex-shrink:0}.elementor-widget-divider .elementor-icon{font-size:var(--divider-icon-size)}.elementor-widget-divider .elementor-divider-separator{display:flex;margin:0;direction:ltr}.elementor-widget-divider--view-line_icon .elementor-divider-separator,.elementor-widget-divider--view-line_text .elementor-divider-separator{align-items:center}.elementor-widget-divider--view-line_icon .elementor-divider-separator:after,.elementor-widget-divider--view-line_icon .elementor-divider-separator:before,.elementor-widget-divider--view-line_text .elementor-divider-separator:after,.elementor-widget-divider--view-line_text .elementor-divider-separator:before{display:block;content:\"\";border-block-end:0;flex-grow:1;border-block-start:var(--divider-border-width) var(--divider-border-style) var(--divider-color)}.elementor-widget-divider--element-align-left .elementor-divider .elementor-divider-separator>.elementor-divider__svg:first-of-type{flex-grow:0;flex-shrink:100}.elementor-widget-divider--element-align-left .elementor-divider-separator:before{content:none}.elementor-widget-divider--element-align-left .elementor-divider__element{margin-left:0}.elementor-widget-divider--element-align-right .elementor-divider .elementor-divider-separator>.elementor-divider__svg:last-of-type{flex-grow:0;flex-shrink:100}.elementor-widget-divider--element-align-right .elementor-divider-separator:after{content:none}.elementor-widget-divider--element-align-right .elementor-divider__element{margin-right:0}.elementor-widget-divider--element-align-start .elementor-divider .elementor-divider-separator>.elementor-divider__svg:first-of-type{flex-grow:0;flex-shrink:100}.elementor-widget-divider--element-align-start .elementor-divider-separator:before{content:none}.elementor-widget-divider--element-align-start .elementor-divider__element{margin-inline-start:0}.elementor-widget-divider--element-align-end .elementor-divider .elementor-divider-separator>.elementor-divider__svg:last-of-type{flex-grow:0;flex-shrink:100}.elementor-widget-divider--element-align-end .elementor-divider-separator:after{content:none}.elementor-widget-divider--element-align-end .elementor-divider__element{margin-inline-end:0}.elementor-widget-divider:not(.elementor-widget-divider--view-line_text):not(.elementor-widget-divider--view-line_icon) .elementor-divider-separator{border-block-start:var(--divider-border-width) var(--divider-border-style) var(--divider-color)}.elementor-widget-divider--separator-type-pattern{--divider-border-style:none}.elementor-widget-divider--separator-type-pattern.elementor-widget-divider--view-line .elementor-divider-separator,.elementor-widget-divider--separator-type-pattern:not(.elementor-widget-divider--view-line) .elementor-divider-separator:after,.elementor-widget-divider--separator-type-pattern:not(.elementor-widget-divider--view-line) .elementor-divider-separator:before,.elementor-widget-divider--separator-type-pattern:not([class*=elementor-widget-divider--view]) .elementor-divider-separator{width:100%;min-height:var(--divider-pattern-height);-webkit-mask-size:var(--divider-pattern-size) 100%;mask-size:var(--divider-pattern-size) 100%;-webkit-mask-repeat:var(--divider-pattern-repeat);mask-repeat:var(--divider-pattern-repeat);background-color:var(--divider-color);-webkit-mask-image:var(--divider-pattern-url);mask-image:var(--divider-pattern-url)}.elementor-widget-divider--no-spacing{--divider-pattern-size:auto}.elementor-widget-divider--bg-round{--divider-pattern-repeat:round}.rtl .elementor-widget-divider .elementor-divider__text{direction:rtl}.e-con-inner>.elementor-widget-divider,.e-con>.elementor-widget-divider{width:var(--container-widget-width,100%);--flex-grow:var(--container-widget-flex-grow)}<\/style>\t\t<div class=\"elementor-divider\">\n\t\t\t<span class=\"elementor-divider-separator\">\n\t\t\t\t\t\t\t<h1 class=\"elementor-divider__text elementor-divider__element\">\n\t\t\t\tProductions\t\t\t\t<\/h1>\n\t\t\t\t\t\t<\/span>\n\t\t<\/div>\n\t\t\t\t<\/div>\n\t\t\t\t<\/div>\n\t\t\t\t\t<\/div>\n\t\t\t\t<\/div>\n\t\t<div class=\"elementor-element elementor-element-53357a3 e-con-full e-flex e-con e-parent\" data-id=\"53357a3\" data-element_type=\"container\" data-settings=\"{&quot;background_background&quot;:&quot;classic&quot;}\" data-core-v316-plus=\"true\">\n\t\t\t\t<div class=\"elementor-element elementor-element-b72e472 elementor-widget elementor-widget-text-editor\" data-id=\"b72e472\" data-element_type=\"widget\" data-widget_type=\"text-editor.default\">\n\t\t\t\t<div class=\"elementor-widget-container\">\n\t\t\t<style>\/*! elementor - v3.20.0 - 20-03-2024 *\/\n.elementor-widget-text-editor.elementor-drop-cap-view-stacked .elementor-drop-cap{background-color:#69727d;color:#fff}.elementor-widget-text-editor.elementor-drop-cap-view-framed .elementor-drop-cap{color:#69727d;border:3px solid;background-color:transparent}.elementor-widget-text-editor:not(.elementor-drop-cap-view-default) .elementor-drop-cap{margin-top:8px}.elementor-widget-text-editor:not(.elementor-drop-cap-view-default) .elementor-drop-cap-letter{width:1em;height:1em}.elementor-widget-text-editor .elementor-drop-cap{float:left;text-align:center;line-height:1;font-size:50px}.elementor-widget-text-editor .elementor-drop-cap-letter{display:inline-block}<\/style>\t\t\t\t<h5>Je produits principalement des objets d&rsquo;int\u00e9rieur, souvent \u00ab\u00a0utiles\u00a0\u00bb, \u00e0 partir de bois naturels ou surcycl\u00e9s, toujours ancien. Je cherche \u00e0 combiner la mati\u00e8re (son v\u00e9cu) et le graphisme, chaque pi\u00e8ce est ainsi \u00ab\u00a0unique\u00a0\u00bb. Le design d&rsquo;ensemble est cependant reproductible pour certaines pi\u00e8ces.<\/h5><h5>Les plus gros projets (arbres \u00e0 chats, biblioth\u00e8ques, \u00e9tag\u00e8res&#8230;) sont r\u00e9alis\u00e9s sur commandes et sur mesures, avec si n\u00e9cessaire le choix du bois \u00e0 l&rsquo;atelier.<\/h5><h5>Voici un aper\u00e7u de quelques unes de ces r\u00e9alisations.\u00a0\u00a0<\/h5>\t\t\t\t\t\t<\/div>\n\t\t\t\t<\/div>\n\t\t\t\t<\/div>\n\t\t<div class=\"elementor-element elementor-element-b2c88a3 e-con-full e-flex e-con e-parent\" data-id=\"b2c88a3\" data-element_type=\"container\" data-settings=\"{&quot;background_background&quot;:&quot;classic&quot;}\" data-core-v316-plus=\"true\">\n\t\t\t\t<div class=\"elementor-element elementor-element-dfda973 elementor-grid-eael-col-4 elementor-grid-tablet-eael-col-2 elementor-grid-mobile-eael-col-1 elementor-widget elementor-widget-eael-post-grid\" data-id=\"dfda973\" data-element_type=\"widget\" data-settings=\"{&quot;eael_post_grid_columns&quot;:&quot;eael-col-4&quot;,&quot;eael_post_grid_columns_tablet&quot;:&quot;eael-col-2&quot;,&quot;eael_post_grid_columns_mobile&quot;:&quot;eael-col-1&quot;}\" data-widget_type=\"eael-post-grid.default\">\n\t\t\t\t<div class=\"elementor-widget-container\">\n\t\t\t<div id=\"eael-post-grid-dfda973\" class=\"eael-post-grid-container\">\n            <div class=\"eael-post-grid eael-post-appender eael-post-appender-dfda973 eael-post-grid-style-default\" data-layout-mode=\"masonry\"><article class=\"eael-grid-post eael-post-grid-column\" data-id=\"333\">\n        <div class=\"eael-grid-post-holder\">\n            <div class=\"eael-grid-post-holder-inner\"><div class=\"eael-entry-media\"><div class=\"eael-entry-overlay fade-in\"><i class=\"fas fa-long-arrow-alt-right\" aria-hidden=\"true\"><\/i><a href=\"https:\/\/boissovage.com\/index.php\/productions\/miroirs\/\"><\/a><\/div><div class=\"eael-entry-thumbnail eael-image-ratio\">\n                <img fetchpriority=\"high\" decoding=\"async\" width=\"300\" height=\"200\" src=\"https:\/\/boissovage.com\/wp-content\/uploads\/2024\/01\/DSC03925_-_Copie-removebg-preview-1-300x200.png\" class=\"attachment-medium size-medium wp-image-1103\" alt=\"\" srcset=\"https:\/\/boissovage.com\/wp-content\/uploads\/2024\/01\/DSC03925_-_Copie-removebg-preview-1-300x200.png 300w, https:\/\/boissovage.com\/wp-content\/uploads\/2024\/01\/DSC03925_-_Copie-removebg-preview-1-150x100.png 150w, https:\/\/boissovage.com\/wp-content\/uploads\/2024\/01\/DSC03925_-_Copie-removebg-preview-1-600x400.png 600w, https:\/\/boissovage.com\/wp-content\/uploads\/2024\/01\/DSC03925_-_Copie-removebg-preview-1-480x320.png 480w, https:\/\/boissovage.com\/wp-content\/uploads\/2024\/01\/DSC03925_-_Copie-removebg-preview-1.png 612w\" sizes=\"(max-width: 300px) 100vw, 300px\" \/>\n            <\/div>\n        <\/div><div class=\"eael-entry-wrapper\"><header class=\"eael-entry-header\"><h2 class=\"eael-entry-title\"><a\n                        class=\"eael-grid-post-link\"\n                        href=\"https:\/\/boissovage.com\/index.php\/productions\/miroirs\/\"\n                        title=\"Miroirs\">Miroirs<\/a><\/h2><\/header><div class=\"eael-entry-content\">\n                        <div class=\"eael-grid-post-excerpt\"><a\n                            href=\"https:\/\/boissovage.com\/index.php\/productions\/miroirs\/\"\n                            class=\"eael-post-elements-readmore-btn\">Voir<\/a><\/div>\n                    <\/div><\/div><\/div>\n        <\/div>\n    <\/article><article class=\"eael-grid-post eael-post-grid-column\" data-id=\"545\">\n        <div class=\"eael-grid-post-holder\">\n            <div class=\"eael-grid-post-holder-inner\"><div class=\"eael-entry-media\"><div class=\"eael-entry-overlay fade-in\"><i class=\"fas fa-long-arrow-alt-right\" aria-hidden=\"true\"><\/i><a href=\"https:\/\/boissovage.com\/index.php\/productions\/luminaires\/\"><\/a><\/div><div class=\"eael-entry-thumbnail eael-image-ratio\">\n                <img decoding=\"async\" width=\"300\" height=\"199\" src=\"https:\/\/boissovage.com\/wp-content\/uploads\/2024\/01\/DSC_0071-300x199.jpg\" class=\"attachment-medium size-medium wp-image-778\" alt=\"\" srcset=\"https:\/\/boissovage.com\/wp-content\/uploads\/2024\/01\/DSC_0071-300x199.jpg 300w, https:\/\/boissovage.com\/wp-content\/uploads\/2024\/01\/DSC_0071-1024x681.jpg 1024w, https:\/\/boissovage.com\/wp-content\/uploads\/2024\/01\/DSC_0071-150x100.jpg 150w, https:\/\/boissovage.com\/wp-content\/uploads\/2024\/01\/DSC_0071-768x511.jpg 768w, https:\/\/boissovage.com\/wp-content\/uploads\/2024\/01\/DSC_0071-1536x1021.jpg 1536w, https:\/\/boissovage.com\/wp-content\/uploads\/2024\/01\/DSC_0071-2048x1362.jpg 2048w, https:\/\/boissovage.com\/wp-content\/uploads\/2024\/01\/DSC_0071-600x399.jpg 600w, https:\/\/boissovage.com\/wp-content\/uploads\/2024\/01\/DSC_0071-976x649.jpg 976w, https:\/\/boissovage.com\/wp-content\/uploads\/2024\/01\/DSC_0071-480x320.jpg 480w\" sizes=\"(max-width: 300px) 100vw, 300px\" \/>\n            <\/div>\n        <\/div><div class=\"eael-entry-wrapper\"><header class=\"eael-entry-header\"><h2 class=\"eael-entry-title\"><a\n                        class=\"eael-grid-post-link\"\n                        href=\"https:\/\/boissovage.com\/index.php\/productions\/luminaires\/\"\n                        title=\"Luminaires\">Luminaires<\/a><\/h2><\/header><div class=\"eael-entry-content\">\n                        <div class=\"eael-grid-post-excerpt\"><a\n                            href=\"https:\/\/boissovage.com\/index.php\/productions\/luminaires\/\"\n                            class=\"eael-post-elements-readmore-btn\">Voir<\/a><\/div>\n                    <\/div><\/div><\/div>\n        <\/div>\n    <\/article><article class=\"eael-grid-post eael-post-grid-column\" data-id=\"1087\">\n        <div class=\"eael-grid-post-holder\">\n            <div class=\"eael-grid-post-holder-inner\"><div class=\"eael-entry-media\"><div class=\"eael-entry-overlay fade-in\"><i class=\"fas fa-long-arrow-alt-right\" aria-hidden=\"true\"><\/i><a href=\"https:\/\/boissovage.com\/index.php\/productions\/arbres-a-chats-2\/\"><\/a><\/div><div class=\"eael-entry-thumbnail eael-image-ratio\">\n                <img decoding=\"async\" width=\"199\" height=\"300\" src=\"https:\/\/boissovage.com\/wp-content\/uploads\/2024\/11\/DSC_0015-removebg-preview-3-199x300.png\" class=\"attachment-medium size-medium wp-image-3478\" alt=\"arbre \u00e0 chat naturel\" srcset=\"https:\/\/boissovage.com\/wp-content\/uploads\/2024\/11\/DSC_0015-removebg-preview-3-199x300.png 199w, https:\/\/boissovage.com\/wp-content\/uploads\/2024\/11\/DSC_0015-removebg-preview-3-100x150.png 100w, https:\/\/boissovage.com\/wp-content\/uploads\/2024\/11\/DSC_0015-removebg-preview-3.png 407w\" sizes=\"(max-width: 199px) 100vw, 199px\" \/>\n            <\/div>\n        <\/div><div class=\"eael-entry-wrapper\"><header class=\"eael-entry-header\"><h2 class=\"eael-entry-title\"><a\n                        class=\"eael-grid-post-link\"\n                        href=\"https:\/\/boissovage.com\/index.php\/productions\/arbres-a-chats-2\/\"\n                        title=\"Arbres \u00e0 chats\">Arbres \u00e0 chats<\/a><\/h2><\/header><div class=\"eael-entry-content\">\n                        <div class=\"eael-grid-post-excerpt\"><a\n                            href=\"https:\/\/boissovage.com\/index.php\/productions\/arbres-a-chats-2\/\"\n                            class=\"eael-post-elements-readmore-btn\">Voir<\/a><\/div>\n                    <\/div><\/div><\/div>\n        <\/div>\n    <\/article><article class=\"eael-grid-post eael-post-grid-column\" data-id=\"3400\">\n        <div class=\"eael-grid-post-holder\">\n            <div class=\"eael-grid-post-holder-inner\"><div class=\"eael-entry-media\"><div class=\"eael-entry-overlay fade-in\"><i class=\"fas fa-long-arrow-alt-right\" aria-hidden=\"true\"><\/i><a href=\"https:\/\/boissovage.com\/index.php\/productions\/mobilier\/\"><\/a><\/div><div class=\"eael-entry-thumbnail eael-image-ratio\">\n                <img loading=\"lazy\" decoding=\"async\" width=\"300\" height=\"199\" src=\"https:\/\/boissovage.com\/wp-content\/uploads\/2024\/04\/DSC_0007-300x199.jpg\" class=\"attachment-medium size-medium wp-image-3158\" alt=\"banc ch\u00eane charpente\" srcset=\"https:\/\/boissovage.com\/wp-content\/uploads\/2024\/04\/DSC_0007-300x199.jpg 300w, https:\/\/boissovage.com\/wp-content\/uploads\/2024\/04\/DSC_0007-1024x681.jpg 1024w, https:\/\/boissovage.com\/wp-content\/uploads\/2024\/04\/DSC_0007-150x100.jpg 150w, https:\/\/boissovage.com\/wp-content\/uploads\/2024\/04\/DSC_0007-768x511.jpg 768w, https:\/\/boissovage.com\/wp-content\/uploads\/2024\/04\/DSC_0007-1536x1021.jpg 1536w, https:\/\/boissovage.com\/wp-content\/uploads\/2024\/04\/DSC_0007-2048x1362.jpg 2048w, https:\/\/boissovage.com\/wp-content\/uploads\/2024\/04\/DSC_0007-600x399.jpg 600w, https:\/\/boissovage.com\/wp-content\/uploads\/2024\/04\/DSC_0007-976x649.jpg 976w\" sizes=\"(max-width: 300px) 100vw, 300px\" \/>\n            <\/div>\n        <\/div><div class=\"eael-entry-wrapper\"><header class=\"eael-entry-header\"><h2 class=\"eael-entry-title\"><a\n                        class=\"eael-grid-post-link\"\n                        href=\"https:\/\/boissovage.com\/index.php\/productions\/mobilier\/\"\n                        title=\"Mobilier\">Mobilier<\/a><\/h2><\/header><div class=\"eael-entry-content\">\n                        <div class=\"eael-grid-post-excerpt\"><a\n                            href=\"https:\/\/boissovage.com\/index.php\/productions\/mobilier\/\"\n                            class=\"eael-post-elements-readmore-btn\">Voir<\/a><\/div>\n                    <\/div><\/div><\/div>\n        <\/div>\n    <\/article><\/div>\n            <div class=\"clearfix\"><\/div>\n        <\/div>\t\t<\/div>\n\t\t\t\t<\/div>\n\t\t\t\t<\/div>\n\t\t<div class=\"elementor-element elementor-element-99dc2dc e-flex e-con-boxed e-con e-parent\" data-id=\"99dc2dc\" data-element_type=\"container\" data-core-v316-plus=\"true\">\n\t\t\t\t\t<div class=\"e-con-inner\">\n\t\t\t\t<div class=\"elementor-element elementor-element-de86055 elementor-align-center elementor-widget__width-initial elementor-invisible elementor-widget elementor-widget-button\" data-id=\"de86055\" data-element_type=\"widget\" data-settings=\"{&quot;_animation&quot;:&quot;fadeIn&quot;,&quot;_animation_delay&quot;:400}\" data-widget_type=\"button.default\">\n\t\t\t\t<div class=\"elementor-widget-container\">\n\t\t\t\t\t<div class=\"elementor-button-wrapper\">\n\t\t\t<a class=\"elementor-button elementor-button-link elementor-size-sm\" href=\"https:\/\/boissovage.com\/index.php\/contact-us\/\">\n\t\t\t\t\t\t<span class=\"elementor-button-content-wrapper\">\n\t\t\t\t\t\t<span class=\"elementor-button-text\">contactez-moi !<\/span>\n\t\t<\/span>\n\t\t\t\t\t<\/a>\n\t\t<\/div>\n\t\t\t\t<\/div>\n\t\t\t\t<\/div>\n\t\t\t\t\t<\/div>\n\t\t\t\t<\/div>\n\t\t\t\t<\/div>\n\t\t","protected":false},"excerpt":{"rendered":"<p>Productions Je produits principalement des objets d&rsquo;int\u00e9rieur, souvent \u00ab\u00a0utiles\u00a0\u00bb, \u00e0 partir de bois naturels ou surcycl\u00e9s, toujours ancien. Je cherche \u00e0 combiner la mati\u00e8re (son v\u00e9cu) et le graphisme, chaque pi\u00e8ce est ainsi \u00ab\u00a0unique\u00a0\u00bb. Le design d&rsquo;ensemble est cependant reproductible pour certaines pi\u00e8ces. Les plus gros projets (arbres \u00e0 chats, biblioth\u00e8ques, \u00e9tag\u00e8res&#8230;) sont r\u00e9alis\u00e9s sur [&hellip;]<\/p>\n","protected":false},"author":1,"featured_media":0,"parent":0,"menu_order":0,"comment_status":"closed","ping_status":"closed","template":"","meta":{"_eb_attr":"","om_disable_all_campaigns":false,"_monsterinsights_skip_tracking":false,"_monsterinsights_sitenote_active":false,"_monsterinsights_sitenote_note":"","_monsterinsights_sitenote_category":0,"_uf_show_specific_survey":0,"_uf_disable_surveys":false,"footnotes":""},"aioseo_notices":[],"_links":{"self":[{"href":"https:\/\/boissovage.com\/index.php\/wp-json\/wp\/v2\/pages\/108"}],"collection":[{"href":"https:\/\/boissovage.com\/index.php\/wp-json\/wp\/v2\/pages"}],"about":[{"href":"https:\/\/boissovage.com\/index.php\/wp-json\/wp\/v2\/types\/page"}],"author":[{"embeddable":true,"href":"https:\/\/boissovage.com\/index.php\/wp-json\/wp\/v2\/users\/1"}],"replies":[{"embeddable":true,"href":"https:\/\/boissovage.com\/index.php\/wp-json\/wp\/v2\/comments?post=108"}],"version-history":[{"count":89,"href":"https:\/\/boissovage.com\/index.php\/wp-json\/wp\/v2\/pages\/108\/revisions"}],"predecessor-version":[{"id":3590,"href":"https:\/\/boissovage.com\/index.php\/wp-json\/wp\/v2\/pages\/108\/revisions\/3590"}],"wp:attachment":[{"href":"https:\/\/boissovage.com\/index.php\/wp-json\/wp\/v2\/media?parent=108"}],"curies":[{"name":"wp","href":"https:\/\/api.w.org\/{rel}","templated":true}]}}